{"id":8,"date":"2023-11-10T11:01:27","date_gmt":"2023-11-10T14:01:27","guid":{"rendered":"https:\/\/festivalsaci.com.br\/?page_id=8"},"modified":"2023-11-10T11:19:28","modified_gmt":"2023-11-10T14:19:28","slug":"sobre","status":"publish","type":"page","link":"https:\/\/festivalsaci.com.br\/index.php\/sobre\/","title":{"rendered":"Sobre"},"content":{"rendered":"\n<p><strong>\u201cO Festival SACI nasce em 2011 abra\u00e7ando uma causa; a inf\u00e2ncia. Aqui o espa\u00e7o \u00e9 da crian\u00e7a, da fam\u00edlia, da conviv\u00eancia.<\/strong><\/p>\n\n\n\n<p><strong>Da arte e cultura voltadas para o universo infantil. Da arte e cultura aliadas e colaborativas aos processos multidiscilplinares das descobertas e transforma\u00e7\u00f5es que atravessam a inf\u00e2ncia.<\/strong><\/p>\n\n\n\n<p><strong>O Festival SACI \u00e9 um convite a esta experimenta\u00e7\u00e3o, a divers\u00e3o, a expans\u00e3o m\u00e1gica da sensibilidade que a arte desperta.<\/strong><\/p>\n\n\n\n<p><strong>O Festival SACI \u00e9 das crian\u00e7as<\/strong>.<\/p>\n\n\n\n<p><strong>Da inf\u00e2ncia, este curto e inexor\u00e1vel espa\u00e7o-tempo da vida, que nos acompanha a vida toda.\u201d<\/strong><\/p>\n\n\n\n<p>Somos SACI, \u00edndio, negro, europeu, protetor da floresta, nunca dominado. Uma doce e divertida resistencia \u00e0 banaliza\u00e7\u00e3o, \u00e0 hostilidade e indiferen\u00e7a dos tempos.<\/p>\n\n\n\n<p>Somos apaixonados com o que fazemos e com o privil\u00e9gio de ver neste festival, n\u00e3o s\u00f3 no palco, mas sobretudo na plat\u00e9ia que interage em cada a\u00e7\u00e3o do SACI, a transforma\u00e7\u00e3o de tudo ao redor. \u00c9 sobretudo isso que nos leva a querer fazer outro e outro e outro.<\/p>\n","protected":false},"excerpt":{"rendered":"<p>\u201cO Festival SACI nasce em 2011 abra\u00e7ando uma causa; a inf\u00e2ncia. Aqui o espa\u00e7o \u00e9 da crian\u00e7a, da fam\u00edlia, da conviv\u00eancia. Da arte e cultura voltadas para o universo infantil. Da arte e cultura aliadas e colaborativas aos processos multidiscilplinares das descobertas e transforma\u00e7\u00f5es que atravessam a inf\u00e2ncia. O Festival SACI \u00e9 um convite a&hellip; <a class=\"more-link\" href=\"https:\/\/festivalsaci.com.br\/index.php\/sobre\/\">Continue reading <span class=\"screen-reader-text\">Sobre<\/span><\/a><\/p>\n","protected":false},"author":1,"featured_media":0,"parent":0,"menu_order":0,"comment_status":"closed","ping_status":"closed","template":"","meta":{"footnotes":""},"class_list":["post-8","page","type-page","status-publish","hentry","entry"],"_links":{"self":[{"href":"https:\/\/festivalsaci.com.br\/index.php\/wp-json\/wp\/v2\/pages\/8","targetHints":{"allow":["GET"]}}],"collection":[{"href":"https:\/\/festivalsaci.com.br\/index.php\/wp-json\/wp\/v2\/pages"}],"about":[{"href":"https:\/\/festivalsaci.com.br\/index.php\/wp-json\/wp\/v2\/types\/page"}],"author":[{"embeddable":true,"href":"https:\/\/festivalsaci.com.br\/index.php\/wp-json\/wp\/v2\/users\/1"}],"replies":[{"embeddable":true,"href":"https:\/\/festivalsaci.com.br\/index.php\/wp-json\/wp\/v2\/comments?post=8"}],"version-history":[{"count":2,"href":"https:\/\/festivalsaci.com.br\/index.php\/wp-json\/wp\/v2\/pages\/8\/revisions"}],"predecessor-version":[{"id":44,"href":"https:\/\/festivalsaci.com.br\/index.php\/wp-json\/wp\/v2\/pages\/8\/revisions\/44"}],"wp:attachment":[{"href":"https:\/\/festivalsaci.com.br\/index.php\/wp-json\/wp\/v2\/media?parent=8"}],"curies":[{"name":"wp","href":"https:\/\/api.w.org\/{rel}","templated":true}]}}