{"id":7,"date":"2023-11-10T11:01:27","date_gmt":"2023-11-10T14:01:27","guid":{"rendered":"https:\/\/festivalsaci.com.br\/?page_id=7"},"modified":"2023-11-10T11:31:36","modified_gmt":"2023-11-10T14:31:36","slug":"crie-seu-site-com-blocos","status":"publish","type":"page","link":"https:\/\/festivalsaci.com.br\/","title":{"rendered":"Melhor festival"},"content":{"rendered":"\n<h2 class=\"wp-block-heading alignwide has-text-align-wide has-gigantic-font-size\" style=\"line-height:1.1\">Festival Saci 2016<\/h2>\n\n\n\n<div style=\"height:100px\" aria-hidden=\"true\" class=\"wp-block-spacer\"><\/div>\n\n\n\n<div class=\"wp-block-columns alignwide are-vertically-aligned-center is-style-twentytwentyone-columns-overlap is-layout-flex wp-container-core-columns-is-layout-9d6595d7 wp-block-columns-is-layout-flex\">\n<div class=\"wp-block-column is-vertically-aligned-center is-layout-flow wp-block-column-is-layout-flow\">\n<figure class=\"wp-block-image alignfull size-full\"><img loading=\"lazy\" decoding=\"async\" width=\"979\" height=\"649\" src=\"http:\/\/festivalsaci.com.br\/wp-content\/uploads\/2023\/11\/ciadedanca.jpg\" alt=\"\" class=\"wp-image-34\" srcset=\"https:\/\/festivalsaci.com.br\/wp-content\/uploads\/2023\/11\/ciadedanca.jpg 979w, https:\/\/festivalsaci.com.br\/wp-content\/uploads\/2023\/11\/ciadedanca-300x199.jpg 300w, https:\/\/festivalsaci.com.br\/wp-content\/uploads\/2023\/11\/ciadedanca-768x509.jpg 768w\" sizes=\"auto, (max-width: 979px) 100vw, 979px\" \/><\/figure>\n\n\n\n<div style=\"height:100px\" aria-hidden=\"true\" class=\"wp-block-spacer\"><\/div>\n\n\n\n<figure class=\"wp-block-image alignfull size-full is-style-twentytwentyone-image-frame\"><img loading=\"lazy\" decoding=\"async\" width=\"979\" height=\"649\" src=\"http:\/\/festivalsaci.com.br\/wp-content\/uploads\/2023\/11\/toquinhotie.jpg\" alt=\"\" class=\"wp-image-36\" srcset=\"https:\/\/festivalsaci.com.br\/wp-content\/uploads\/2023\/11\/toquinhotie.jpg 979w, https:\/\/festivalsaci.com.br\/wp-content\/uploads\/2023\/11\/toquinhotie-300x199.jpg 300w, https:\/\/festivalsaci.com.br\/wp-content\/uploads\/2023\/11\/toquinhotie-768x509.jpg 768w\" sizes=\"auto, (max-width: 979px) 100vw, 979px\" \/><\/figure>\n<\/div>\n\n\n\n<div class=\"wp-block-column is-vertically-aligned-center is-layout-flow wp-block-column-is-layout-flow\">\n<div style=\"height:100px\" aria-hidden=\"true\" class=\"wp-block-spacer\"><\/div>\n\n\n\n<figure class=\"wp-block-image size-full alignfull is-style-twentytwentyone-border\"><img loading=\"lazy\" decoding=\"async\" width=\"979\" height=\"649\" src=\"http:\/\/festivalsaci.com.br\/wp-content\/uploads\/2023\/11\/tiqueque.jpg\" alt=\"\" class=\"wp-image-35\" srcset=\"https:\/\/festivalsaci.com.br\/wp-content\/uploads\/2023\/11\/tiqueque.jpg 979w, https:\/\/festivalsaci.com.br\/wp-content\/uploads\/2023\/11\/tiqueque-300x199.jpg 300w, https:\/\/festivalsaci.com.br\/wp-content\/uploads\/2023\/11\/tiqueque-768x509.jpg 768w\" sizes=\"auto, (max-width: 979px) 100vw, 979px\" \/><\/figure>\n<\/div>\n<\/div>\n\n\n\n<div style=\"height:50px\" aria-hidden=\"true\" class=\"wp-block-spacer\"><\/div>\n\n\n\n<div class=\"wp-block-columns alignwide are-vertically-aligned-top is-layout-flex wp-container-core-columns-is-layout-9d6595d7 wp-block-columns-is-layout-flex\">\n<div class=\"wp-block-column is-vertically-aligned-top is-layout-flow wp-block-column-is-layout-flow\">\n<h3 class=\"wp-block-heading\"><strong>Toquinho convida Ti\u00ea<\/strong><\/h3>\n\n\n\n<p>Dia: 29\/07, sexta-feira<br>Hor\u00e1rio: 19:30h<br>Classifica\u00e7\u00e3o: Livre<br>Pre\u00e7o: R$70 \/ R$35 (meia)<br>Local: Teatro SESIMINAS<\/p>\n<\/div>\n\n\n\n<div class=\"wp-block-column is-vertically-aligned-top is-layout-flow wp-block-column-is-layout-flow\">\n<h3 class=\"wp-block-heading\"><strong>P\u00e9 de Sonho<\/strong><\/h3>\n\n\n\n<p>Dia: 30\/07, s\u00e1bado<br>Hor\u00e1rio: 16:00h<br>Classifica\u00e7\u00e3o: Livre<br>Pre\u00e7o: R$40 \/ R$20 (meia)<br>Local: Teatro SESIMINAS<\/p>\n<\/div>\n\n\n\n<div class=\"wp-block-column is-vertically-aligned-top is-layout-flow wp-block-column-is-layout-flow\">\n<h3 class=\"wp-block-heading\"><strong>\u201cPica-Pau Rei na Estrada Real\u201d<\/strong><\/h3>\n\n\n\n<p>Datas de apresenta\u00e7\u00e3o: 30\/07<br>Hor\u00e1rios: S\u00e1bado \u2013 19:00h<br>Classifica\u00e7\u00e3o: Livre<br>Local: Teatro Sesiminas<\/p>\n<\/div>\n<\/div>\n\n\n\n<div style=\"height:100px\" aria-hidden=\"true\" class=\"wp-block-spacer\"><\/div>\n\n\n\n<div class=\"wp-block-cover alignwide is-style-twentytwentyone-border\"><span aria-hidden=\"true\" class=\"wp-block-cover__background has-background-dim-100 has-background-dim\" style=\"background-color:#3a00ff\"><\/span><div class=\"wp-block-cover__inner-container is-layout-flow wp-block-cover-is-layout-flow\">\n<div style=\"height:20px\" aria-hidden=\"true\" class=\"wp-block-spacer\"><\/div>\n\n\n\n<p class=\"has-huge-font-size\">Oficinas<\/p>\n\n\n\n<div style=\"height:75px\" aria-hidden=\"true\" class=\"wp-block-spacer\"><\/div>\n\n\n\n<div class=\"wp-block-columns is-layout-flex wp-container-core-columns-is-layout-9d6595d7 wp-block-columns-is-layout-flex\">\n<div class=\"wp-block-column is-layout-flow wp-block-column-is-layout-flow\">\n<p>Dia: 28\/07, quinta-feira<br>Hor\u00e1rio: 14:30 as 16h<br>Capacidade: 50 crian\u00e7as<br>Classifica\u00e7\u00e3o: Livre<br>Local: Centro Cultural SESIMINAS<\/p>\n\n\n\n<p>A oficina desperta a criatividade e a curiosidade por meio da modelagem. Marcelo Xavier \u00e9 artista pl\u00e1stico, cen\u00f3grafo, figurinista, autor e ilustrador de leitura infantil<\/p>\n<\/div>\n<\/div>\n\n\n\n<h3 class=\"wp-block-heading\"><strong>Oficina de Musica com Marina Machado, Celinha Braga e Analu<\/strong><\/h3>\n\n\n\n<p>Dia: 29\/07, sexta-feira<br>Hor\u00e1rio: Turma 1 das 14 as 15:30h \u2013 4 a 6 anos \/ Turma 2 das Hor\u00e1rio: 16 as 17:30h 7 a 10 anos<br>Capacidade: 25 crian\u00e7as por turma<br>Local: Centro Cultural SESIMINAS<\/p>\n\n\n\n<p>As crian\u00e7as entram no espa\u00e7o e se deparam com um trio de cantoras de marchinhas de Carnaval. A improvisa\u00e7\u00e3o se d\u00e1 atrav\u00e9s de brincadeiras musico-corporais, onde a imagem l\u00fadica que aquelas can\u00e7\u00f5es trazem conduzem as crian\u00e7as a experimentar o corpo e a voz. O objetivo final desta oficina \u00e9 compor em conjunto com as crian\u00e7as um marchinha com o tema Saci.<\/p>\n\n\n\n<p><\/p>\n\n\n\n<h3 class=\"wp-block-heading\"><strong>Oficina de alimenta\u00e7\u00e3o saud\u00e1vel para crian\u00e7as com Patricia Axer e Adriana Santos<\/strong><\/h3>\n\n\n\n<p>Dia: 30\/07, s\u00e1bado<br>Hor\u00e1rio: Turma 1 das 10 as 12h \/ Turma 2 das 14 as 16h<br>Classi\ufb01ca\u00e7\u00e3o: 6 a 10 anos<br>Capacidade: 20 crian\u00e7as por turma<br>Local: Centro Cultural SESIMINAS<\/p>\n\n\n\n<p>Uma \u00f3tima oportunidade para as crian\u00e7as adquirirem conhecimento sobre a import\u00e2ncia da boa alimenta\u00e7\u00e3o para o crescimento e desenvolvimento saud\u00e1vel, por meio de execu\u00e7\u00e3o de receitas simples de lanchinhos e sucos selecionadas para o SACI.<\/p>\n\n\n\n<p><\/p>\n\n\n\n<h3 class=\"wp-block-heading\"><strong>Oficina de Constru\u00e7\u00e3o de Brinquedo \u2013 Bonequinho Doce com Museu dos Brinquedos<\/strong><\/h3>\n\n\n\n<p>Dia: 30\/07, s\u00e1bado<br>Hor\u00e1rio: Turma 1 das 10 as 12h \/ Turma 2 das 14 as 16h<br>Classifica\u00e7\u00e3o: 4 a 8 anos<br>Capacidade: 15 crian\u00e7as por turma<br>Local: Centro Cultural SESIMINAS<\/p>\n\n\n\n<p>Primeiro, vamos ouvir a linda hist\u00f3ria O Bonequinho Doce, da escritora mineira Ala\u00edde Lisboa, depois vamos aprender a fazer nossa pr\u00f3pria massinha de modelas para, em seguida, construir o bonequinho doce!<\/p>\n\n\n\n<p><\/p>\n\n\n\n<h3 class=\"wp-block-heading\"><strong>Oficina de Circo com a Spasso<\/strong><\/h3>\n\n\n\n<p>Dia: 31\/07, domingo<br>Hor\u00e1rio: 9 as 12h<br>Classifica\u00e7\u00e3o: Livre<br>Programa\u00e7\u00e3o da Rua do Lazer<br>Local: Rua Padre Marinho, em frente ao Centro Cultural SESIMINAS<\/p>\n\n\n\n<p class=\"has-black-background-color has-background\">A oficina pretende proporcionar uma viv\u00eancia da cultura circense por meio da introdu\u00e7\u00e3o de oito t\u00e9cnicas de malabarismo, tr\u00eas de equilibrismo e quatro de acrobacia. Ao longo do encontro, os participantes ser\u00e3o estimulados a desenvolver habilidades como criatividade, liberdade de express\u00e3o, coordena\u00e7\u00e3o motora, condicionamento f\u00edsico, capacidade de concentra\u00e7\u00e3o e cria\u00e7\u00e3o coletiva.<\/p>\n\n\n\n<div style=\"height:20px\" aria-hidden=\"true\" class=\"wp-block-spacer\"><\/div>\n<\/div><\/div>\n\n\n<ul class=\"wp-block-latest-posts__list wp-block-latest-posts\"><li><a class=\"wp-block-latest-posts__post-title\" href=\"https:\/\/festivalsaci.com.br\/index.php\/2025\/11\/29\/descubra-a-verdade-como-a-investigacao-pode-mergear-com-a-arte-no-festival-cultural\/\">Descubra a Verdade: Como a Investiga\u00e7\u00e3o pode Mergear com a Arte no Festival Cultural<\/a><div class=\"wp-block-latest-posts__post-excerpt\">O Mist\u00e9rio da Cria\u00e7\u00e3o Art\u00edstica Imagine um detetive especializado em resolver enigmas e desvendar mist\u00e9rios. Agora, imagine que esse detetive \u00e9 tamb\u00e9m um artista vision\u00e1rio, capaz de transformar suas descobertas em obras-primas que impressionam e inspiram. Nesse cen\u00e1rio, a investiga\u00e7\u00e3o e a arte se encontram num ponto crucial: a busca pela verdade. Enquanto o detetive&hellip; <a class=\"more-link\" href=\"https:\/\/festivalsaci.com.br\/index.php\/2025\/11\/29\/descubra-a-verdade-como-a-investigacao-pode-mergear-com-a-arte-no-festival-cultural\/\">Continue reading <span class=\"screen-reader-text\">Descubra a Verdade: Como a Investiga\u00e7\u00e3o pode Mergear com a Arte no Festival Cultural<\/span><\/a><\/div><\/li>\n<li><a class=\"wp-block-latest-posts__post-title\" href=\"https:\/\/festivalsaci.com.br\/index.php\/2025\/11\/29\/desvendando-os-segredos-como-a-investigacao-privada-pode-transformar-sua-experiencia-no-festival\/\">Desvendando os Segredos: Como a Investiga\u00e7\u00e3o Privada pode Transformar sua Experi\u00eancia no Festival<\/a><div class=\"wp-block-latest-posts__post-excerpt\">Introdu\u00e7\u00e3o O festival \u00e9 um evento que re\u00fane milhares de pessoas em um s\u00f3 lugar, trazendo consigo uma grande variedade de culturas, ritmos e sabores. No entanto, esse cen\u00e1rio de divers\u00e3o tamb\u00e9m pode ser um terreno f\u00e9rtil para problemas como o roubo de pertences pessoais ou o furto de equipamentos valiosos. \u00c9 justamente nesse contexto&hellip; <a class=\"more-link\" href=\"https:\/\/festivalsaci.com.br\/index.php\/2025\/11\/29\/desvendando-os-segredos-como-a-investigacao-privada-pode-transformar-sua-experiencia-no-festival\/\">Continue reading <span class=\"screen-reader-text\">Desvendando os Segredos: Como a Investiga\u00e7\u00e3o Privada pode Transformar sua Experi\u00eancia no Festival<\/span><\/a><\/div><\/li>\n<li><a class=\"wp-block-latest-posts__post-title\" href=\"https:\/\/festivalsaci.com.br\/index.php\/2025\/11\/29\/a-investigacao-perfeita-desvendando-os-misterios-no-festival\/\">A Investiga\u00e7\u00e3o Perfeita: Desvendando os Mist\u00e9rios no Festival<\/a><div class=\"wp-block-latest-posts__post-excerpt\">Festivais s\u00e3o eventos que celebram a diversidade cultural e musical. No entanto, \u00e0 medida que esses eventos crescem em tamanho e complexidade, tamb\u00e9m aumenta o n\u00famero de desafios enfrentados pelos organizadores. A seguran\u00e7a \u00e9 um dos principais problemas, pois as multid\u00f5es podem facilmente se tornar uma amea\u00e7a. O Desafio da Seguran\u00e7a Com tantas pessoas reunidas&hellip; <a class=\"more-link\" href=\"https:\/\/festivalsaci.com.br\/index.php\/2025\/11\/29\/a-investigacao-perfeita-desvendando-os-misterios-no-festival\/\">Continue reading <span class=\"screen-reader-text\">A Investiga\u00e7\u00e3o Perfeita: Desvendando os Mist\u00e9rios no Festival<\/span><\/a><\/div><\/li>\n<li><a class=\"wp-block-latest-posts__post-title\" href=\"https:\/\/festivalsaci.com.br\/index.php\/2025\/11\/18\/desenvolvendo-senses-como-perfumes-podem-transformar-sua-experiencia-no-festival\/\">Desenvolvendo Senses: Como Perfumes podem Transformar sua Experi\u00eancia no Festival<\/a><div class=\"wp-block-latest-posts__post-excerpt\">O festival \u00e9 um momento de celebra\u00e7\u00e3o e divers\u00e3o, onde as pessoas se re\u00fanem para compartilhar experi\u00eancias e emo\u00e7\u00f5es intensas. No entanto, muitos dos frequentadores desses eventos n\u00e3o aproveitam ao m\u00e1ximo a magia que acontece nos palcos e nos espa\u00e7os de conv\u00edvio. \u00c9 nesse cen\u00e1rio que os perfumes podem ser um elemento transformador na experi\u00eancia&hellip; <a class=\"more-link\" href=\"https:\/\/festivalsaci.com.br\/index.php\/2025\/11\/18\/desenvolvendo-senses-como-perfumes-podem-transformar-sua-experiencia-no-festival\/\">Continue reading <span class=\"screen-reader-text\">Desenvolvendo Senses: Como Perfumes podem Transformar sua Experi\u00eancia no Festival<\/span><\/a><\/div><\/li>\n<li><a class=\"wp-block-latest-posts__post-title\" href=\"https:\/\/festivalsaci.com.br\/index.php\/2025\/11\/18\/festividade-em-perfumes-5-esmaltes-inspirados-em-festas-musicais-para-adicionar-um-toque-unico-a-sua-roupagem\/\">Festividade em Perfumes: 5 Esmaltes Inspirados em Festas Musicais para Adicionar um Toque \u00danico \u00e0 Sua Roupagem<\/a><div class=\"wp-block-latest-posts__post-excerpt\">Introdu\u00e7\u00e3o Neste mundo onde a m\u00fasica \u00e9 uma grande express\u00e3o da arte, muitos artistas criam suas pr\u00f3prias col\u00f4nias, essenciais ou perfumes que podem ser associadas as suas festividades musicais. Por exemplo, os perfumes da Mariah Carey s\u00e3o inspirados em suas can\u00e7\u00f5es de maior sucesso e lan\u00e7ado com seus \u00e1lbuns. Com isso, a tend\u00eancia dos esmaltes&hellip; <a class=\"more-link\" href=\"https:\/\/festivalsaci.com.br\/index.php\/2025\/11\/18\/festividade-em-perfumes-5-esmaltes-inspirados-em-festas-musicais-para-adicionar-um-toque-unico-a-sua-roupagem\/\">Continue reading <span class=\"screen-reader-text\">Festividade em Perfumes: 5 Esmaltes Inspirados em Festas Musicais para Adicionar um Toque \u00danico \u00e0 Sua Roupagem<\/span><\/a><\/div><\/li>\n<\/ul>","protected":false},"excerpt":{"rendered":"<p>Festival Saci 2016 Toquinho convida Ti\u00ea Dia: 29\/07, sexta-feiraHor\u00e1rio: 19:30hClassifica\u00e7\u00e3o: LivrePre\u00e7o: R$70 \/ R$35 (meia)Local: Teatro SESIMINAS P\u00e9 de Sonho Dia: 30\/07, s\u00e1badoHor\u00e1rio: 16:00hClassifica\u00e7\u00e3o: LivrePre\u00e7o: R$40 \/ R$20 (meia)Local: Teatro SESIMINAS \u201cPica-Pau Rei na Estrada Real\u201d Datas de apresenta\u00e7\u00e3o: 30\/07Hor\u00e1rios: S\u00e1bado \u2013 19:00hClassifica\u00e7\u00e3o: LivreLocal: Teatro Sesiminas<\/p>\n","protected":false},"author":1,"featured_media":0,"parent":0,"menu_order":0,"comment_status":"closed","ping_status":"closed","template":"","meta":{"footnotes":""},"class_list":["post-7","page","type-page","status-publish","hentry","entry"],"_links":{"self":[{"href":"https:\/\/festivalsaci.com.br\/index.php\/wp-json\/wp\/v2\/pages\/7","targetHints":{"allow":["GET"]}}],"collection":[{"href":"https:\/\/festivalsaci.com.br\/index.php\/wp-json\/wp\/v2\/pages"}],"about":[{"href":"https:\/\/festivalsaci.com.br\/index.php\/wp-json\/wp\/v2\/types\/page"}],"author":[{"embeddable":true,"href":"https:\/\/festivalsaci.com.br\/index.php\/wp-json\/wp\/v2\/users\/1"}],"replies":[{"embeddable":true,"href":"https:\/\/festivalsaci.com.br\/index.php\/wp-json\/wp\/v2\/comments?post=7"}],"version-history":[{"count":4,"href":"https:\/\/festivalsaci.com.br\/index.php\/wp-json\/wp\/v2\/pages\/7\/revisions"}],"predecessor-version":[{"id":50,"href":"https:\/\/festivalsaci.com.br\/index.php\/wp-json\/wp\/v2\/pages\/7\/revisions\/50"}],"wp:attachment":[{"href":"https:\/\/festivalsaci.com.br\/index.php\/wp-json\/wp\/v2\/media?parent=7"}],"curies":[{"name":"wp","href":"https:\/\/api.w.org\/{rel}","templated":true}]}}